{"id":2514,"date":"2024-05-08T08:57:02","date_gmt":"2021-02-26T20:33:06","guid":{"rendered":"https:\/\/enkaotolastik.com\/index.php\/faq-3\/"},"modified":"2024-05-23T10:22:55","modified_gmt":"2024-05-23T10:22:55","slug":"sss","status":"publish","type":"page","link":"https:\/\/mobillastikcim.com\/index.php\/sss\/","title":{"rendered":"SSS"},"content":{"rendered":"<div class=\"wp-block-media-text alignwide has-media-on-the-right is-stacked-on-mobile is-image-fill is-style-default\">\r\n<figure class=\"wp-block-media-text__media\" style=\"background-image: url('https:\/\/ocdi.com\/wp-content\/uploads\/2021\/02\/pexels-dids-1616472-1-scaled-1.jpg'); background-position: 50% 50%;\"><a href=\"https:\/\/enkaotolastik.com\/\"><img loading=\"lazy\" decoding=\"async\" class=\"https:\/\/enkaotolastik.com\/ alignnone wp-image-2203 size-full\" src=\"http:\/\/enkaotolastik.com\/wp-content\/uploads\/2021\/02\/pexels-dids-1616472-1-scaled-1.jpg\" alt=\"\" width=\"2560\" height=\"1707\" srcset=\"https:\/\/mobillastikcim.com\/wp-content\/uploads\/2021\/02\/pexels-dids-1616472-1-scaled-1.jpg 2560w, https:\/\/mobillastikcim.com\/wp-content\/uploads\/2021\/02\/pexels-dids-1616472-1-scaled-1-444x296.jpg 444w, https:\/\/mobillastikcim.com\/wp-content\/uploads\/2021\/02\/pexels-dids-1616472-1-scaled-1-300x200.jpg 300w, https:\/\/mobillastikcim.com\/wp-content\/uploads\/2021\/02\/pexels-dids-1616472-1-scaled-1-1024x683.jpg 1024w, https:\/\/mobillastikcim.com\/wp-content\/uploads\/2021\/02\/pexels-dids-1616472-1-scaled-1-768x512.jpg 768w, https:\/\/mobillastikcim.com\/wp-content\/uploads\/2021\/02\/pexels-dids-1616472-1-scaled-1-1536x1024.jpg 1536w, https:\/\/mobillastikcim.com\/wp-content\/uploads\/2021\/02\/pexels-dids-1616472-1-scaled-1-2048x1366.jpg 2048w\" sizes=\"auto, (max-width: 2560px) 100vw, 2560px\" \/><\/a><\/figure>\r\n<div class=\"wp-block-media-text__content\"><h3 id=\"tw-target-text\" class=\"tw-data-text tw-text-large tw-ta wp-block-heading\" dir=\"ltr\" style=\"text-align: center;\" data-placeholder=\"\u00c7eviri\" aria-label=\"\u00c7evrilmi\u015f metin\" data-ved=\"2ahUKEwihh7vgraOGAxVKJxAIHYctCakQ3ewLegQICRAU\"><a href=\"https:\/\/enkaotolastik.com\/\"><strong><span class=\"Y2IQFc\" lang=\"tr\">Sorunuz var m\u0131? \u00dcr\u00fcn\u00fcm\u00fcze Ba\u015flaman\u0131za Yard\u0131mc\u0131 Olmak \u0130\u00e7in Buraday\u0131z.<br \/><br \/>E\u011fer Bu Sayfa \u0130le \u0130gili b\u00f6l\u00fcmlere Ula\u015f\u0131lamama gibi durum larda \u00fcr\u00fcn stoklar\u0131m\u0131zdan kald\u0131r\u0131lm\u0131\u015f olabilir sizlere yard\u0131mc\u0131 olmak ad\u0131na ana sayfam\u0131zda ki Bize Ula\u015f\u0131n B\u00f6l\u00fcm\u00fcnden Bizler ile ileti\u015fime ge\u00e7ebilirsiniz&#8230;<\/span><\/strong><\/a><\/h3>\r\n<\/div>\r\n<\/div>\r\n<div class=\"wp-block-buttons is-content-justification-center\"><\/div><p>&nbsp;<\/p>","protected":false},"excerpt":{"rendered":"Sorunuz var m\u0131? \u00dcr\u00fcn\u00fcm\u00fcze Ba\u015flaman\u0131za Yard\u0131mc\u0131 Olmak \u0130\u00e7in Buraday\u0131z. E\u011fer Bu Sayfa \u0130le \u0130gili b\u00f6l\u00fcmlere Ula\u015f\u0131lamama gibi durum larda \u00fcr\u00fcn stoklar\u0131m\u0131zdan kald\u0131r\u0131lm\u0131\u015f olabilir sizlere yard\u0131mc\u0131 olmak ad\u0131na ana sayfam\u0131zda ki Bize Ula\u015f\u0131n B\u00f6l\u00fcm\u00fcnden Bizler ile ileti\u015fime ge\u00e7ebilirsiniz&#8230; &nbsp;","protected":false},"author":1,"featured_media":0,"parent":0,"menu_order":0,"comment_status":"closed","ping_status":"closed","template":"","meta":{"om_disable_all_campaigns":false,"_monsterinsights_skip_tracking":false,"_monsterinsights_sitenote_active":false,"_monsterinsights_sitenote_note":"","_monsterinsights_sitenote_category":0,"_uf_show_specific_survey":0,"_uf_disable_surveys":false,"footnotes":""},"class_list":["post-2514","page","type-page","status-publish","hentry"],"aioseo_notices":[],"_links":{"self":[{"href":"https:\/\/mobillastikcim.com\/index.php\/wp-json\/wp\/v2\/pages\/2514","targetHints":{"allow":["GET"]}}],"collection":[{"href":"https:\/\/mobillastikcim.com\/index.php\/wp-json\/wp\/v2\/pages"}],"about":[{"href":"https:\/\/mobillastikcim.com\/index.php\/wp-json\/wp\/v2\/types\/page"}],"author":[{"embeddable":true,"href":"https:\/\/mobillastikcim.com\/index.php\/wp-json\/wp\/v2\/users\/1"}],"replies":[{"embeddable":true,"href":"https:\/\/mobillastikcim.com\/index.php\/wp-json\/wp\/v2\/comments?post=2514"}],"version-history":[{"count":5,"href":"https:\/\/mobillastikcim.com\/index.php\/wp-json\/wp\/v2\/pages\/2514\/revisions"}],"predecessor-version":[{"id":3487,"href":"https:\/\/mobillastikcim.com\/index.php\/wp-json\/wp\/v2\/pages\/2514\/revisions\/3487"}],"wp:attachment":[{"href":"https:\/\/mobillastikcim.com\/index.php\/wp-json\/wp\/v2\/media?parent=2514"}],"curies":[{"name":"wp","href":"https:\/\/api.w.org\/{rel}","templated":true}]}}