{"id":351,"date":"2017-06-09T11:14:42","date_gmt":"2017-06-09T11:14:42","guid":{"rendered":"https:\/\/victorthemes.com\/themes\/roof\/?page_id=351"},"modified":"2024-05-23T17:55:13","modified_gmt":"2024-05-23T17:55:13","slug":"galerimiz","status":"publish","type":"page","link":"https:\/\/mobillastikcim.com\/index.php\/galerimiz\/","title":{"rendered":"Galerimiz"},"content":{"rendered":"<div class=\"wpb-content-wrapper\"><p>[vc_row full_height=&#8221;yes&#8221; overlay_dotted=&#8221;&#8221;][vc_column][vc_custom_heading text=&#8221;ENKA OTO LAST\u0130K ve JANT B\u0130ZDEN KARELER&#8221; font_container=&#8221;tag:h3|text_align:center&#8221; google_fonts=&#8221;font_family:Carrois%20Gothic%3Aregular|font_style:400%20regular%3A400%3Anormal&#8221; css=&#8221;&#8221;][vc_empty_space][\/vc_column][\/vc_row][vc_row][vc_column width=&#8221;1\/4&#8243;]<div class=\"roof-services  services-69d0f1c996473 \"><div class=\"service-item\"><div class=\"roof-picture\"><a href=\"https:\/\/enkaotolastik.com\/\"><img decoding=\"async\" src=\"https:\/\/mobillastikcim.com\/wp-content\/uploads\/2024\/05\/ENKA.png\" alt=\"ENKA OTO LAST\u0130K ve JANT\"><\/a><\/div><div class=\"service-info\"><h5 class=\"service-title\"><a href=\"https:\/\/enkaotolastik.com\/\" target=\"_blank\">ENKA OTO LAST\u0130K ve JANT<\/a><\/h5><p class=\"qrShPb pXs6bb PZPZlf q8U8x aTI8gc hNKfZe\" data-dtype=\"d3ifr\" data-local-attribute=\"d3bn\" data-attrid=\"title\" data-ved=\"2ahUKEwi46O38r6OGAxXLVfEDHTXMBNAQ3B0oAHoECFIQAQ\">BRIDGESTONE \/ LASSA &#8211; HANKOOK &#8211; GOODYEAR &#8211; M\u0130CHEL\u0130N &#8211; P\u0130RELL\u0130 &#8211; PETLAS &#8211; KUMHO &#8211;\u00a0 LAUFENN\u00a0 DAYTON &#8211; NEXEN &#8211; CONT\u0130NENTAL<\/p>\n<div class=\"read-more\"><a href=\"https:\/\/enkaotolastik.com\/\" target=\"_blank\">Devam\u0131<\/a><\/div><\/div><\/div><\/div>[\/vc_column][vc_column width=&#8221;3\/4&#8243;][vc_images_carousel images=&#8221;3404,3405,3406,3407,3408,3409,3410,3411,3412,3413,3414,3415,3416,3417,3418,3419,3420,3421,3422,3423,3424,3425,3426,3427,3428,3429,3430,3462,3463,3464,3465,3466,3467,3468,3469,3470,3471,3528,3529&#8243; img_size=&#8221;700X450&#8243; css=&#8221;&#8221;][\/vc_column][\/vc_row]<\/p>\n<\/div>","protected":false},"excerpt":{"rendered":"[vc_row full_height=&#8221;yes&#8221; overlay_dotted=&#8221;&#8221;][vc_column][vc_custom_heading text=&#8221;ENKA OTO LAST\u0130K ve JANT B\u0130ZDEN KARELER&#8221; font_container=&#8221;tag:h3|text_align:center&#8221; google_fonts=&#8221;font_family:Carrois%20Gothic%3Aregular|font_style:400%20regular%3A400%3Anormal&#8221; css=&#8221;&#8221;][vc_empty_space][\/vc_column][\/vc_row][vc_row][vc_column width=&#8221;1\/4&#8243;][\/vc_column][vc_column width=&#8221;3\/4&#8243;][vc_images_carousel images=&#8221;3404,3405,3406,3407,3408,3409,3410,3411,3412,3413,3414,3415,3416,3417,3418,3419,3420,3421,3422,3423,3424,3425,3426,3427,3428,3429,3430,3462,3463,3464,3465,3466,3467,3468,3469,3470,3471,3528,3529&#8243; img_size=&#8221;700X450&#8243; css=&#8221;&#8221;][\/vc_column][\/vc_row]","protected":false},"author":1,"featured_media":0,"parent":0,"menu_order":0,"comment_status":"closed","ping_status":"closed","template":"","meta":{"om_disable_all_campaigns":false,"_monsterinsights_skip_tracking":false,"_monsterinsights_sitenote_active":false,"_monsterinsights_sitenote_note":"","_monsterinsights_sitenote_category":0,"_uf_show_specific_survey":0,"_uf_disable_surveys":false,"footnotes":""},"class_list":["post-351","page","type-page","status-publish","hentry"],"aioseo_notices":[],"_links":{"self":[{"href":"https:\/\/mobillastikcim.com\/index.php\/wp-json\/wp\/v2\/pages\/351","targetHints":{"allow":["GET"]}}],"collection":[{"href":"https:\/\/mobillastikcim.com\/index.php\/wp-json\/wp\/v2\/pages"}],"about":[{"href":"https:\/\/mobillastikcim.com\/index.php\/wp-json\/wp\/v2\/types\/page"}],"author":[{"embeddable":true,"href":"https:\/\/mobillastikcim.com\/index.php\/wp-json\/wp\/v2\/users\/1"}],"replies":[{"embeddable":true,"href":"https:\/\/mobillastikcim.com\/index.php\/wp-json\/wp\/v2\/comments?post=351"}],"version-history":[{"count":51,"href":"https:\/\/mobillastikcim.com\/index.php\/wp-json\/wp\/v2\/pages\/351\/revisions"}],"predecessor-version":[{"id":3530,"href":"https:\/\/mobillastikcim.com\/index.php\/wp-json\/wp\/v2\/pages\/351\/revisions\/3530"}],"wp:attachment":[{"href":"https:\/\/mobillastikcim.com\/index.php\/wp-json\/wp\/v2\/media?parent=351"}],"curies":[{"name":"wp","href":"https:\/\/api.w.org\/{rel}","templated":true}]}}