{"id":438,"date":"2017-06-09T13:37:58","date_gmt":"2017-06-09T13:37:58","guid":{"rendered":"https:\/\/victorthemes.com\/themes\/roof\/?page_id=438"},"modified":"2024-05-23T08:10:21","modified_gmt":"2024-05-23T08:10:21","slug":"iletisim","status":"publish","type":"page","link":"https:\/\/mobillastikcim.com\/index.php\/iletisim\/","title":{"rendered":"\u0130leti\u015fim"},"content":{"rendered":"<div class=\"wpb-content-wrapper\"><p>[vc_row][vc_column width=&#8221;1\/2&#8243;][vc_column_text css=&#8221;&#8221;]<h3 class=\"detail-title\">ENKA OTO LAST\u0130K ve JANT<\/h3>[\/vc_column_text][vc_custom_heading text=&#8221;T\u00fcm Sorular\u0131n\u0131z \u0130\u00e7in L\u00fctfen Mesaj Formunu Doldurun En K\u0131sa S\u00fcre i\u00e7inde Sizlere Cevap Verilecektir.&#8221; font_container=&#8221;tag:h2|font_size:14px|text_align:left|color:%23888888|line_height:25px&#8221; google_fonts=&#8221;font_family:Open%20Sans%3A300%2C300italic%2Cregular%2Citalic%2C600%2C600italic%2C700%2C700italic%2C800%2C800italic|font_style:400%20regular%3A400%3Anormal&#8221; css=&#8221;.vc_custom_1716132607164{margin-bottom: 25px !important;}&#8221; link=&#8221;url:https%3A%2F%2Fenkaotolastik.com%2Findex.php%2Filetisim%2F&#8221;]<div class=\"roof-contact-form roof-contact-69d0f1dba8324\">\n<div class=\"wpcf7 no-js\" id=\"wpcf7-f10-o1\" lang=\"tr-TR\" dir=\"ltr\" data-wpcf7-id=\"10\">\n<div class=\"screen-reader-response\"><p role=\"status\" aria-live=\"polite\" aria-atomic=\"true\"><\/p> <ul><\/ul><\/div>\n<form action=\"\/index.php\/wp-json\/wp\/v2\/pages\/438#wpcf7-f10-o1\" method=\"post\" class=\"wpcf7-form init\" aria-label=\"\u0130leti\u015fim Formu\" novalidate=\"novalidate\" data-status=\"init\">\n<div style=\"display: none;\">\n<input type=\"hidden\" name=\"_wpcf7\" value=\"10\" \/>\n<input type=\"hidden\" name=\"_wpcf7_version\" value=\"6.0.6\" \/>\n<input type=\"hidden\" name=\"_wpcf7_locale\" value=\"tr_TR\" \/>\n<input type=\"hidden\" name=\"_wpcf7_unit_tag\" value=\"wpcf7-f10-o1\" \/>\n<input type=\"hidden\" name=\"_wpcf7_container_post\" value=\"0\" \/>\n<input type=\"hidden\" name=\"_wpcf7_posted_data_hash\" value=\"\" \/>\n<\/div>\n<p><label> Ad Soyad<br \/>\n<span class=\"wpcf7-form-control-wrap\" data-name=\"your-name\"><input size=\"40\" maxlength=\"400\" class=\"wpcf7-form-control wpcf7-text wpcf7-validates-as-required\" autocomplete=\"name\" aria-required=\"true\" aria-invalid=\"false\" value=\"\" type=\"text\" name=\"your-name\" \/><\/span> <\/label>\n<\/p>\n<p><label> E-posta adresiniz<br \/>\n<span class=\"wpcf7-form-control-wrap\" data-name=\"your-email\"><input size=\"40\" maxlength=\"400\" class=\"wpcf7-form-control wpcf7-email wpcf7-validates-as-required wpcf7-text wpcf7-validates-as-email\" autocomplete=\"email\" aria-required=\"true\" aria-invalid=\"false\" value=\"\" type=\"email\" name=\"your-email\" \/><\/span> <\/label>\n<\/p>\n<p><label> Konu<br \/>\n<span class=\"wpcf7-form-control-wrap\" data-name=\"your-subject\"><input size=\"40\" maxlength=\"400\" class=\"wpcf7-form-control wpcf7-text wpcf7-validates-as-required\" aria-required=\"true\" aria-invalid=\"false\" value=\"\" type=\"text\" name=\"your-subject\" \/><\/span> <\/label>\n<\/p>\n<p><label> Mesaj\u0131n\u0131z (iste\u011fe ba\u011fl\u0131)<br \/>\n<span class=\"wpcf7-form-control-wrap\" data-name=\"your-message\"><textarea cols=\"40\" rows=\"10\" maxlength=\"2000\" class=\"wpcf7-form-control wpcf7-textarea\" aria-invalid=\"false\" name=\"your-message\"><\/textarea><\/span> <\/label>\n<\/p>\n<p><input class=\"wpcf7-form-control wpcf7-submit has-spinner\" type=\"submit\" value=\"G\u00f6nder\" \/>\n<\/p><p style=\"display: none !important;\" class=\"akismet-fields-container\" data-prefix=\"_wpcf7_ak_\"><label>&#916;<textarea name=\"_wpcf7_ak_hp_textarea\" cols=\"45\" rows=\"8\" maxlength=\"100\"><\/textarea><\/label><input type=\"hidden\" id=\"ak_js_1\" name=\"_wpcf7_ak_js\" value=\"13\"\/><script>document.getElementById( \"ak_js_1\" ).setAttribute( \"value\", ( new Date() ).getTime() );<\/script><\/p><div class=\"wpcf7-response-output\" aria-hidden=\"true\"><\/div>\n<\/form>\n<\/div>\n<\/div>[\/vc_column][vc_column width=&#8221;1\/2&#8243; css=&#8221;.vc_custom_1497016973675{padding-left: 38px !important;}&#8221;][vc_gmaps link=&#8221;#E-8_JTNDaWZyYW1lJTIwc3JjJTNEJTIyaHR0cHMlM0ElMkYlMkZ3d3cuZ29vZ2xlLmNvbSUyRm1hcHMlMkZlbWJlZCUzRnBiJTNEJTIxMW0xOCUyMTFtMTIlMjExbTMlMjExZDQyNTguMjcxMTc2MTQxMjk2JTIxMmQyOS4xNDA1NjUyOTYwMjc0MzYlMjEzZDQxLjAwMjIyNTczNTE2OTQ5NiUyMTJtMyUyMTFmMCUyMTJmMCUyMTNmMCUyMTNtMiUyMTFpMTAyNCUyMTJpNzY4JTIxNGYxMy4xJTIxM20zJTIxMW0yJTIxMXMweDE0Y2FjZjRiMDdiZWNhMzclMjUzQTB4Zjk1ZWYyNjg2ZWVlN2Q4MSUyMTJzRU5LQSUyNTIwT1RPJTI1MjBMQVNUJTI1QzQlMjVCMEslMjUyMEJSSURHRVNUT05FJTI1MkZMQVNTQS1IQU5LT09LJTI1MjAtR09PRFlFQVItTSUyNUM0JTI1QjBDSEVMJTI1QzQlMjVCME4tUCUyNUM0JTI1QjBSRUxMJTI1QzQlMjVCMCUyMTVlMCUyMTNtMiUyMTFzdHIlMjEyc3RyJTIxNHYxNzE2MTMzMjcxMzk1JTIxNW0yJTIxMXN0ciUyMTJzdHIlMjIlMjB3aWR0aCUzRCUyMjYwMCUyMiUyMGhlaWdodCUzRCUyMjQ1MCUyMiUyMGZyYW1lYm9yZGVyJTNEJTIyMCUyMiUyMHN0eWxlJTNEJTIyYm9yZGVyJTNBMCUyMiUyMGFsbG93ZnVsbHNjcmVlbiUzRSUzQyUyRmlmcmFtZSUzRQ==&#8221; css=&#8221;&#8221;][vc_column_text css=&#8221;&#8221;]<h3 class=\"detail-title\">\u0130LET\u0130\u015e\u0130M B\u0130LG\u0130LER\u0130<\/h3>[\/vc_column_text][vc_column_text css=&#8221;.vc_custom_1716451817774{margin-bottom: 8px !important;padding-top: 0px !important;padding-right: 0px !important;padding-bottom: 0px !important;padding-left: 0px !important;}&#8221;]\u015eER\u0130FAL\u0130, \u015eerifali Mahallesi, Turgut \u00d6zal Bulvar\u0131 No:97\/A, 34775<br \/>\n\u00dcmraniye\/\u0130stanbul<\/p>\n<p>Tel : ( 0216 ) 594 53 52<\/p>\n<p>Gsm : <a href=\"tel:05359550987\">+90 (535) 955 09 87<\/a><\/p>\n<p>E : <a href=\"mailto:info@enkaotolastik.com\">info@enkaotolastik.com<\/a>[\/vc_column_text][vc_column_text css=&#8221;.vc_custom_1716133670940{padding-top: 0px !important;padding-right: 0px !important;padding-bottom: 0px !important;padding-left: 0px !important;}&#8221;]<a href=\"\"  class=\"simple-link roof-link-underline  roof-simple-link-69d0f1dba90c5\">ENKA OTO LAST\u0130K ve JANT<\/a>[\/vc_column_text][\/vc_column][\/vc_row]<\/p>\n<\/div>","protected":false},"excerpt":{"rendered":"[vc_row][vc_column width=&#8221;1\/2&#8243;][vc_column_text css=&#8221;&#8221;][\/vc_column_text][vc_custom_heading text=&#8221;T\u00fcm Sorular\u0131n\u0131z \u0130\u00e7in L\u00fctfen Mesaj Formunu Doldurun En K\u0131sa S\u00fcre i\u00e7inde Sizlere Cevap Verilecektir.&#8221; font_container=&#8221;tag:h2|font_size:14px|text_align:left|color:%23888888|line_height:25px&#8221; google_fonts=&#8221;font_family:Open%20Sans%3A300%2C300italic%2Cregular%2Citalic%2C600%2C600italic%2C700%2C700italic%2C800%2C800italic|font_style:400%20regular%3A400%3Anormal&#8221; css=&#8221;.vc_custom_1716132607164{margin-bottom: 25px !important;}&#8221; link=&#8221;url:https%3A%2F%2Fenkaotolastik.com%2Findex.php%2Filetisim%2F&#8221;][\/vc_column][vc_column width=&#8221;1\/2&#8243; css=&#8221;.vc_custom_1497016973675{padding-left: 38px !important;}&#8221;][vc_gmaps link=&#8221;#E-8_JTNDaWZyYW1lJTIwc3JjJTNEJTIyaHR0cHMlM0ElMkYlMkZ3d3cuZ29vZ2xlLmNvbSUyRm1hcHMlMkZlbWJlZCUzRnBiJTNEJTIxMW0xOCUyMTFtMTIlMjExbTMlMjExZDQyNTguMjcxMTc2MTQxMjk2JTIxMmQyOS4xNDA1NjUyOTYwMjc0MzYlMjEzZDQxLjAwMjIyNTczNTE2OTQ5NiUyMTJtMyUyMTFmMCUyMTJmMCUyMTNmMCUyMTNtMiUyMTFpMTAyNCUyMTJpNzY4JTIxNGYxMy4xJTIxM20zJTIxMW0yJTIxMXMweDE0Y2FjZjRiMDdiZWNhMzclMjUzQTB4Zjk1ZWYyNjg2ZWVlN2Q4MSUyMTJzRU5LQSUyNTIwT1RPJTI1MjBMQVNUJTI1QzQlMjVCMEslMjUyMEJSSURHRVNUT05FJTI1MkZMQVNTQS1IQU5LT09LJTI1MjAtR09PRFlFQVItTSUyNUM0JTI1QjBDSEVMJTI1QzQlMjVCME4tUCUyNUM0JTI1QjBSRUxMJTI1QzQlMjVCMCUyMTVlMCUyMTNtMiUyMTFzdHIlMjEyc3RyJTIxNHYxNzE2MTMzMjcxMzk1JTIxNW0yJTIxMXN0ciUyMTJzdHIlMjIlMjB3aWR0aCUzRCUyMjYwMCUyMiUyMGhlaWdodCUzRCUyMjQ1MCUyMiUyMGZyYW1lYm9yZGVyJTNEJTIyMCUyMiUyMHN0eWxlJTNEJTIyYm9yZGVyJTNBMCUyMiUyMGFsbG93ZnVsbHNjcmVlbiUzRSUzQyUyRmlmcmFtZSUzRQ==&#8221; css=&#8221;&#8221;][vc_column_text css=&#8221;&#8221;][\/vc_column_text][vc_column_text css=&#8221;.vc_custom_1716451817774{margin-bottom: 8px !important;padding-top: 0px !important;padding-right: 0px !important;padding-bottom: 0px !important;padding-left: 0px !important;}&#8221;]\u015eER\u0130FAL\u0130, \u015eerifali Mahallesi, Turgut \u00d6zal Bulvar\u0131 No:97\/A, 34775 \u00dcmraniye\/\u0130stanbul Tel : ( 0216 ) 594[&#8230;]","protected":false},"author":1,"featured_media":0,"parent":0,"menu_order":0,"comment_status":"closed","ping_status":"closed","template":"","meta":{"om_disable_all_campaigns":false,"_monsterinsights_skip_tracking":false,"_monsterinsights_sitenote_active":false,"_monsterinsights_sitenote_note":"","_monsterinsights_sitenote_category":0,"_uf_show_specific_survey":0,"_uf_disable_surveys":false,"footnotes":""},"class_list":["post-438","page","type-page","status-publish","hentry"],"aioseo_notices":[],"_links":{"self":[{"href":"https:\/\/mobillastikcim.com\/index.php\/wp-json\/wp\/v2\/pages\/438","targetHints":{"allow":["GET"]}}],"collection":[{"href":"https:\/\/mobillastikcim.com\/index.php\/wp-json\/wp\/v2\/pages"}],"about":[{"href":"https:\/\/mobillastikcim.com\/index.php\/wp-json\/wp\/v2\/types\/page"}],"author":[{"embeddable":true,"href":"https:\/\/mobillastikcim.com\/index.php\/wp-json\/wp\/v2\/users\/1"}],"replies":[{"embeddable":true,"href":"https:\/\/mobillastikcim.com\/index.php\/wp-json\/wp\/v2\/comments?post=438"}],"version-history":[{"count":15,"href":"https:\/\/mobillastikcim.com\/index.php\/wp-json\/wp\/v2\/pages\/438\/revisions"}],"predecessor-version":[{"id":3374,"href":"https:\/\/mobillastikcim.com\/index.php\/wp-json\/wp\/v2\/pages\/438\/revisions\/3374"}],"wp:attachment":[{"href":"https:\/\/mobillastikcim.com\/index.php\/wp-json\/wp\/v2\/media?parent=438"}],"curies":[{"name":"wp","href":"https:\/\/api.w.org\/{rel}","templated":true}]}}